{"id":36,"date":"2018-04-16T08:39:04","date_gmt":"2018-04-16T08:39:04","guid":{"rendered":"http:\/\/stv-hollsand.de\/?page_id=36"},"modified":"2025-09-26T06:29:56","modified_gmt":"2025-09-26T06:29:56","slug":"kontakt-mitglied-werden","status":"publish","type":"page","link":"https:\/\/stv-hollsand.de\/?page_id=36","title":{"rendered":"Kontakt \/ Mitglied werden"},"content":{"rendered":"<h2>So erreicht\u00a0ihr uns<\/h2>\n<p>Vorsitzende und Vereinssitz:<br \/>Maike Kuch<br \/>Alte Warfen 6<br \/>26670 Uplengen-Gro\u00dfoldendorf<\/p>\n<p>Tel 04956 9276222<br \/>vorstand@stvhollsand.de<\/p>\n<p>Kassenwartin:<br \/>Anna M\u00fcnkenwarf<br \/>info@stvhollsand.de<\/p>\n<p><span style=\"color: #000000; font-family: Calibri; font-size: medium;\">\u00a0<\/span><\/p>\n<p>Bei Fragen rund ums Schwimmen und den Ablauf im Hallenbad Wiesmoor:<\/p>\n<p>Schwimmwart<br \/>Horst-Dieter Berg<br \/>Tel 04956 990474<\/p>\n<p><span style=\"color: #000000; font-family: Calibri; font-size: medium;\">\u00a0<\/span><\/p>\n<p>www.stvhollsand.de<br \/>www.instagram.com\/stvhollsand_1968 (@stvhollsand_1968)<br \/>www.facebook.de\/stvhollsand<\/p>\n<h2>Mitglied werden<\/h2>\n<p>Du interessierst Dich f\u00fcr eine der im STV Hollsand angebotenen Sportarten? Dann werde Mitglied und f\u00fclle unser Anmeldeformular aus. In der Eintrittserkl\u00e4rung k\u00f6nnen auch die verschiedenen Mitgliedsbeitr\u00e4ge eingesehen werden. Nat\u00fcrlich kannst du vorab gerne kostenlos vorbeikommen, um zu testen, ob Schwimmen oder Turnen etwas f\u00fcr Dich ist. Die passenden Ansprechpartner findest du hier auf dieser Seite.<\/p>\n<p><strong><a href=\"http:\/\/stv-hollsand.de\/wp-content\/uploads\/2025\/09\/Eintrittserklaerung-SEPA_092025.pdf\">EINTRITTSERKL\u00c4RUNG<\/a><\/strong><\/p>\n<p><a href=\"http:\/\/stv-hollsand.de\/wp-content\/uploads\/2025\/09\/Beitragsordnung-des-STV-Hollsand.pdf\"><strong>BEITRAGSORDNUNG<\/strong><\/a><\/p>\n<p><strong><a href=\"http:\/\/stv-hollsand.de\/wp-content\/uploads\/2019\/04\/Satzung-24-02-2017.pdf\">SATZUNG DES STV HOLLSAND<\/a><\/strong><\/p>\n\n\n<p><\/p>\n","protected":false},"excerpt":{"rendered":"<p>So erreicht\u00a0ihr uns Vorsitzende und Vereinssitz:Maike KuchAlte Warfen 626670 Uplengen-Gro\u00dfoldendorf Tel 04956 9276222vorstand@stvhollsand.de Kassenwartin:Anna M\u00fcnkenwarfinfo@stvhollsand.de \u00a0 Bei Fragen rund ums Schwimmen und den Ablauf im Hallenbad Wiesmoor: SchwimmwartHorst-Dieter BergTel 04956 990474 \u00a0 www.stvhollsand.dewww.instagram.com\/stvhollsand_1968 (@stvhollsand_1968)www.facebook.de\/stvhollsand Mitglied werden Du interessierst Dich f\u00fcr eine der im STV Hollsand angebotenen Sportarten? Dann werde Mitglied und f\u00fclle unser Anmeldeformular aus. [&hellip;]<\/p>\n","protected":false},"author":2,"featured_media":0,"parent":0,"menu_order":0,"comment_status":"closed","ping_status":"closed","template":"","meta":{"footnotes":""},"class_list":["post-36","page","type-page","status-publish","hentry"],"_links":{"self":[{"href":"https:\/\/stv-hollsand.de\/index.php?rest_route=\/wp\/v2\/pages\/36","targetHints":{"allow":["GET"]}}],"collection":[{"href":"https:\/\/stv-hollsand.de\/index.php?rest_route=\/wp\/v2\/pages"}],"about":[{"href":"https:\/\/stv-hollsand.de\/index.php?rest_route=\/wp\/v2\/types\/page"}],"author":[{"embeddable":true,"href":"https:\/\/stv-hollsand.de\/index.php?rest_route=\/wp\/v2\/users\/2"}],"replies":[{"embeddable":true,"href":"https:\/\/stv-hollsand.de\/index.php?rest_route=%2Fwp%2Fv2%2Fcomments&post=36"}],"version-history":[{"count":46,"href":"https:\/\/stv-hollsand.de\/index.php?rest_route=\/wp\/v2\/pages\/36\/revisions"}],"predecessor-version":[{"id":617,"href":"https:\/\/stv-hollsand.de\/index.php?rest_route=\/wp\/v2\/pages\/36\/revisions\/617"}],"wp:attachment":[{"href":"https:\/\/stv-hollsand.de\/index.php?rest_route=%2Fwp%2Fv2%2Fmedia&parent=36"}],"curies":[{"name":"wp","href":"https:\/\/api.w.org\/{rel}","templated":true}]}}