{"id":46,"date":"2018-04-16T08:34:24","date_gmt":"2018-04-16T08:34:24","guid":{"rendered":"http:\/\/stv-hollsand.de\/?page_id=46"},"modified":"2025-11-09T13:25:20","modified_gmt":"2025-11-09T13:25:20","slug":"schwimmen","status":"publish","type":"page","link":"https:\/\/stv-hollsand.de\/?page_id=46","title":{"rendered":"Schwimmen"},"content":{"rendered":"\n<p><\/p>\n\n\n\n<h2 class=\"wp-block-heading\"><\/h2>\n\n\n\n<p><\/p>\n\n\n\n<p><\/p>\n\n\n\n<p>Das Angebot zum Schwimmen nutzt Gro\u00df und Klein: Familien, Senioren und Kinder.<\/p>\n\n\n\n<p><\/p>\n\n\n\n<p>Wir haben das gro\u00dfe Becken im Hallenbad Wiesmoor ganz f\u00fcr uns alleine. <\/p>\n\n\n\n<p><br>Es besteht die M\u00f6glichkeit, auf spielerische und lockere Art und Weise unter Aufsicht Schwimmen zu lernen und alle Abzeichen zu erwerben. Vom Seepferdchen bis zum Rettungsschwimmer. Achtung: Es ist kein Schwimmkursus. Die Eltern m\u00fcssen mit ins Wasser kommen und aufpassen. Es wird nicht eine Stunde lang ge\u00fcbt. Die Kinder k\u00f6nnen spielen, plantschen und unsere \u00dcbungsleiter k\u00fcmmern sich dann eine gewisse Zeit um die Kinder.<\/p>\n\n\n\n<p><\/p>\n\n\n\n<p><br><br><\/p>\n\n\n\n<h2 class=\"wp-block-heading\">Abfahrtszeiten Schwimmbus:<\/h2>\n\n\n\n<p><\/p>\n\n\n\n<p>Ca. 18:10 Uhr Remels \/ Betriebshof Blaue Bus Reisen, Am Neuland 3<br>Ca. 18:15 Uhr Gro\u00dfoldendorf \/ Haltestelle Ackermann\/Oltmanns<br>Ca. 18:18 Uhr Gro\u00dfoldendorf \/ Haltestelle Dorfgemeinschaftshaus<br>Ca. 18:20 Uhr Gro\u00dfoldendorf \/ Hollsand-Siedlung<br>Ca. 18:25 Uhr Neufirrel \/ Alte Schule<br>Ca. 18:28 Uhr Neufirrel \/ Firreler Stra\u00dfe<br>Ca. 18:30 Uhr Neudorf \/ Firreler Stra\u00dfe\/Osterstra\u00dfe<br>Ca. 18:35 Uhr Neudorf \/ ehem. Riesbarger J\u00e4gerstuben<br>Ca. 18:45 Uhr Ankunft Schwimmbad Wiesmoor<br>R\u00fcckfahrt 20 Uhr<\/p>\n\n\n\n<p><\/p>\n\n\n\n<p><\/p>\n\n\n\n<p><br><br><span style=\"color: revert; font-size: 18px; font-weight: bold;\">Beitr\u00e4ge &amp; Anmeldung<\/span><\/p>\n\n\n\n<p>Alle Kosten, die bei der Teilnahme am Schwimmen entstehen, sind in unserer <a href=\"https:\/\/stv-hollsand.de\/wp-content\/uploads\/2025\/09\/Eintrittserklaerung-SEPA_092025.pdf\">Eintrittserkl\u00e4rung<\/a> oder der <a href=\"http:\/\/stv-hollsand.de\/wp-content\/uploads\/2025\/09\/Beitragsordnung-des-STV-Hollsand.pdf\">Beitragsordnung<\/a> nachzulesen.<br><br>Schwimmen mit Bus: 3 Euro<br>Schwimmen Selbstanreise: 2 Euro<br><br>Nat\u00fcrlich kannst du vorab gerne vorbeikommen, um zu testen, ob unser Angebot etwas f\u00fcr Dich ist. Melde Dich bei unseren <a href=\"http:\/\/stv-hollsand.de\/?page_id=36\">Ansprechpartnern<\/a>.<\/p>\n","protected":false},"excerpt":{"rendered":"<p>Das Angebot zum Schwimmen nutzt Gro\u00df und Klein: Familien, Senioren und Kinder. Wir haben das gro\u00dfe Becken im Hallenbad Wiesmoor ganz f\u00fcr uns alleine. Es besteht die M\u00f6glichkeit, auf spielerische und lockere Art und Weise unter Aufsicht Schwimmen zu lernen und alle Abzeichen zu erwerben. Vom Seepferdchen bis zum Rettungsschwimmer. Achtung: Es ist kein Schwimmkursus. [&hellip;]<\/p>\n","protected":false},"author":1,"featured_media":0,"parent":0,"menu_order":0,"comment_status":"closed","ping_status":"closed","template":"","meta":{"footnotes":""},"class_list":["post-46","page","type-page","status-publish","hentry"],"_links":{"self":[{"href":"https:\/\/stv-hollsand.de\/index.php?rest_route=\/wp\/v2\/pages\/46","targetHints":{"allow":["GET"]}}],"collection":[{"href":"https:\/\/stv-hollsand.de\/index.php?rest_route=\/wp\/v2\/pages"}],"about":[{"href":"https:\/\/stv-hollsand.de\/index.php?rest_route=\/wp\/v2\/types\/page"}],"author":[{"embeddable":true,"href":"https:\/\/stv-hollsand.de\/index.php?rest_route=\/wp\/v2\/users\/1"}],"replies":[{"embeddable":true,"href":"https:\/\/stv-hollsand.de\/index.php?rest_route=%2Fwp%2Fv2%2Fcomments&post=46"}],"version-history":[{"count":45,"href":"https:\/\/stv-hollsand.de\/index.php?rest_route=\/wp\/v2\/pages\/46\/revisions"}],"predecessor-version":[{"id":640,"href":"https:\/\/stv-hollsand.de\/index.php?rest_route=\/wp\/v2\/pages\/46\/revisions\/640"}],"wp:attachment":[{"href":"https:\/\/stv-hollsand.de\/index.php?rest_route=%2Fwp%2Fv2%2Fmedia&parent=46"}],"curies":[{"name":"wp","href":"https:\/\/api.w.org\/{rel}","templated":true}]}}