{"id":47,"date":"2018-04-16T08:34:24","date_gmt":"2018-04-16T08:34:24","guid":{"rendered":"http:\/\/stv-hollsand.de\/?page_id=47"},"modified":"2025-02-13T20:38:24","modified_gmt":"2025-02-13T20:38:24","slug":"gymnastik","status":"publish","type":"page","link":"https:\/\/stv-hollsand.de\/?page_id=47","title":{"rendered":"Gymnastik"},"content":{"rendered":"<h2><\/h2>\n<h2>Sport treiben im Dorfgemeinschaftshaus<\/h2>\n<p>Jeden Mittwoch wird um 18:30 Uhr vom STV Hollsand Gymnastik im Dorfgemeinschaftshaus in Gro\u00dfoldendorf mit einer \u00dcbungsleiterin angeboten.<\/p>\n<p>Weitere Informationen k\u00f6nnen gerne bei unserer Frauenwartin Renate Janssen unter 04956 3069 erfragt werden.<\/p>\n","protected":false},"excerpt":{"rendered":"<p>Sport treiben im Dorfgemeinschaftshaus Jeden Mittwoch wird um 18:30 Uhr vom STV Hollsand Gymnastik im Dorfgemeinschaftshaus in Gro\u00dfoldendorf mit einer \u00dcbungsleiterin angeboten. Weitere Informationen k\u00f6nnen gerne bei unserer Frauenwartin Renate Janssen unter 04956 3069 erfragt werden.<\/p>\n","protected":false},"author":1,"featured_media":0,"parent":0,"menu_order":0,"comment_status":"closed","ping_status":"closed","template":"","meta":{"footnotes":""},"class_list":["post-47","page","type-page","status-publish","hentry"],"_links":{"self":[{"href":"https:\/\/stv-hollsand.de\/index.php?rest_route=\/wp\/v2\/pages\/47","targetHints":{"allow":["GET"]}}],"collection":[{"href":"https:\/\/stv-hollsand.de\/index.php?rest_route=\/wp\/v2\/pages"}],"about":[{"href":"https:\/\/stv-hollsand.de\/index.php?rest_route=\/wp\/v2\/types\/page"}],"author":[{"embeddable":true,"href":"https:\/\/stv-hollsand.de\/index.php?rest_route=\/wp\/v2\/users\/1"}],"replies":[{"embeddable":true,"href":"https:\/\/stv-hollsand.de\/index.php?rest_route=%2Fwp%2Fv2%2Fcomments&post=47"}],"version-history":[{"count":9,"href":"https:\/\/stv-hollsand.de\/index.php?rest_route=\/wp\/v2\/pages\/47\/revisions"}],"predecessor-version":[{"id":580,"href":"https:\/\/stv-hollsand.de\/index.php?rest_route=\/wp\/v2\/pages\/47\/revisions\/580"}],"wp:attachment":[{"href":"https:\/\/stv-hollsand.de\/index.php?rest_route=%2Fwp%2Fv2%2Fmedia&parent=47"}],"curies":[{"name":"wp","href":"https:\/\/api.w.org\/{rel}","templated":true}]}}