{"id":48,"date":"2018-04-16T08:34:24","date_gmt":"2018-04-16T08:34:24","guid":{"rendered":"http:\/\/stv-hollsand.de\/?page_id=48"},"modified":"2026-02-20T13:06:54","modified_gmt":"2026-02-20T13:06:54","slug":"termine","status":"publish","type":"page","link":"https:\/\/stv-hollsand.de\/?page_id=48","title":{"rendered":"Termine 2026"},"content":{"rendered":"\n<p><\/p>\n\n\n\n<p><\/p>\n\n\n<h2>2026 = in Bearbeitung\u00a0<\/h2>\n<h2>Veranstaltungen 2025<br \/><br \/>Jahreshauptversammlung am 28. Februar 2025, 19:30 Uhr<\/h2>\n<p>Der Vorstand l\u00e4dt zur diesj\u00e4hrigen Jahreshauptversammlung am Freitag, den 28. Februar 2025 ab 19:30 Uhr im Dorfgemeinschaftshaus in Gro\u00dfoldendorf herzlich ein. Kommt vorbei, wir brauchen eure Unterst\u00fctzung. Damit noch viele Kinder mit Spa\u00df und Leichtigkeit Schwimmen lernen k\u00f6nnen.\u00a0<\/p>\n<p><a href=\"http:\/\/stv-hollsand.de\/wp-content\/uploads\/2025\/02\/Einladung-zur-ordentlichen-Jahreshauptversammlung-2025.pdf\">Tagesordnung als PDF<\/a><\/p>\n<h2 data-canvas-width=\"284.5173333333333\">\u201eFr\u00fchlings-Fr\u00fchst\u00fcck am 06.04.25\u201c<\/h2>\n<div data-canvas-width=\"421.6959999999998\">Unser gemeinsames Fr\u00fchst\u00fcck findet ab 9:30 Uhr im Feuerwehrhaus in Gro\u00dfoldendorf statt.<\/div>\n<div data-canvas-width=\"341.6746666666666\">Kosten: 7,50\u20ac f\u00fcr Mitglieder \/ 12,50\u20ac f\u00fcr Nichtmitglieder<\/div>\n<div data-canvas-width=\"210.80399999999997\">Anmeldung bitte bis zum 27.03.25!<\/div>\n<div data-canvas-width=\"210.80399999999997\">\u00a0<\/div>\n<h2 data-canvas-width=\"298.55466666666666\">\u201eFahrradtour mit Grillen am 24.08.25\u201c<\/h2>\n<div data-canvas-width=\"153.31066666666666\">Um 10:30 Uhr starten alle Radelfreunde vom Feuerwehrhaus in Gro\u00dfoldendorf mit ihrer Tour<\/div>\n<div data-canvas-width=\"366.13866666666655\">durch unsere sch\u00f6ne ostfriesische Landschaft. F\u00fcr eine kleine Pausenverpflegung wird nat\u00fcrlich auch gesorgt und im Anschluss wird lecker gegrillt.<\/div>\n<div data-canvas-width=\"386.89199999999994\">Wer sich NUR zum Grillen anmelden m\u00f6chte, m\u00f6ge uns dies bitte bei der Anmeldung mitteilen.<\/div>\n<div data-canvas-width=\"316.47733333333326\">Kosten: 15\u20ac f\u00fcr Mitglieder \/ 25\u20ac f\u00fcr Nichtmitglieder)<\/div>\n<div data-canvas-width=\"210.80399999999997\">Anmeldung bitte bis zum 14.08.25!<\/div>\n<div data-canvas-width=\"210.80399999999997\">\u00a0<\/div>\n<h2 data-canvas-width=\"298.55466666666666\">Au\u00dferordentliche Mitgliederversammlung am 4. September<\/h2>\n<div data-canvas-width=\"153.31066666666666\">Wir laden alle herzlich zur au\u00dferordentlichen Mitgliederversammlung am Donnerstag, 4. September, um 19:30 Uhr ins Dorfgemeinschaftshaus ein. Die Stadt Wiesmoor hat die Vereinsstunde f\u00fcr uns im Hallenbad Wiesmoor enorm erh\u00f6ht. Wir zahlen nun 195 Euro pro Dienstag. Das bedeutet f\u00fcr uns 780 Euro Kosten im Monat statt 260 Euro. Das ist nat\u00fcrlich ein riesiger Sprung, den wir nicht einfach so stemmen m\u00fcssen. Also: Kommt vorbei, bringt eure Ideen mit &#8211; lasst uns gemeinsam den STV retten.\u00a0<br \/><a href=\"http:\/\/stv-hollsand.de\/wp-content\/uploads\/2025\/08\/Einladung-zur-ausserordentlichen-Mitgliederversammlung-2025.pdf\">Einladung mit Tagesordnung als PDF<\/a><\/div>\n<div data-canvas-width=\"153.31066666666666\">\u00a0<\/div>\n<h2 data-canvas-width=\"187.35733333333332\">\u201eKohlessen am 15.11.25\u201c<\/h2>\n<div data-canvas-width=\"573.7599999999998\">Wir treffen uns zur gemeinsamen Kohlwanderung um 14:00 Uhr beim Feuerwehrhaus in<\/div>\n<div data-canvas-width=\"590.9346666666664\">Gro\u00dfoldendorf. Gegen 17 Uhr steht dann der leckere Gr\u00fcnkohl mit Pinkel bereit.<\/div>\n<div data-canvas-width=\"590.9346666666664\">\u00a0<\/div>\n<div data-canvas-width=\"590.9346666666664\">Wer sich NUR zum Kohlessen anmelden m\u00f6chte, m\u00f6ge uns dies bitte bei der Anmeldung mitteilen.<\/div>\n<div data-canvas-width=\"471.4599999999998\">Kosten: 15\u20ac f\u00fcr Mitglieder \/ 20\u20ac f\u00fcr Nichtmitglieder<\/div>\n<div data-canvas-width=\"210.80399999999997\">Anmeldung bitte bis zum 05.11.25!<\/div>\n<p>&nbsp;<\/p>\n<p><em><strong>Anmeldungen f\u00fcr die Veranstaltungen bitte bei Maike Kuch 04956 9276222, vorstand@stvhollsand<i>.de <\/i>oder Sylvia G\u00e4rtner 04956 40 48 141, STV.Schriftfuehrung@gmx.de<\/strong><\/em><\/p>","protected":false},"excerpt":{"rendered":"<p>2026 = in Bearbeitung\u00a0 Veranstaltungen 2025 Jahreshauptversammlung am 28. Februar 2025, 19:30 Uhr Der Vorstand l\u00e4dt zur diesj\u00e4hrigen Jahreshauptversammlung am Freitag, den 28. Februar 2025 ab 19:30 Uhr im Dorfgemeinschaftshaus in Gro\u00dfoldendorf herzlich ein. Kommt vorbei, wir brauchen eure Unterst\u00fctzung. Damit noch viele Kinder mit Spa\u00df und Leichtigkeit Schwimmen lernen k\u00f6nnen.\u00a0 Tagesordnung als PDF \u201eFr\u00fchlings-Fr\u00fchst\u00fcck [&hellip;]<\/p>\n","protected":false},"author":1,"featured_media":0,"parent":0,"menu_order":0,"comment_status":"closed","ping_status":"closed","template":"","meta":{"footnotes":""},"class_list":["post-48","page","type-page","status-publish","hentry"],"_links":{"self":[{"href":"https:\/\/stv-hollsand.de\/index.php?rest_route=\/wp\/v2\/pages\/48","targetHints":{"allow":["GET"]}}],"collection":[{"href":"https:\/\/stv-hollsand.de\/index.php?rest_route=\/wp\/v2\/pages"}],"about":[{"href":"https:\/\/stv-hollsand.de\/index.php?rest_route=\/wp\/v2\/types\/page"}],"author":[{"embeddable":true,"href":"https:\/\/stv-hollsand.de\/index.php?rest_route=\/wp\/v2\/users\/1"}],"replies":[{"embeddable":true,"href":"https:\/\/stv-hollsand.de\/index.php?rest_route=%2Fwp%2Fv2%2Fcomments&post=48"}],"version-history":[{"count":100,"href":"https:\/\/stv-hollsand.de\/index.php?rest_route=\/wp\/v2\/pages\/48\/revisions"}],"predecessor-version":[{"id":646,"href":"https:\/\/stv-hollsand.de\/index.php?rest_route=\/wp\/v2\/pages\/48\/revisions\/646"}],"wp:attachment":[{"href":"https:\/\/stv-hollsand.de\/index.php?rest_route=%2Fwp%2Fv2%2Fmedia&parent=48"}],"curies":[{"name":"wp","href":"https:\/\/api.w.org\/{rel}","templated":true}]}}