{"id":49,"date":"2018-04-16T08:34:24","date_gmt":"2018-04-16T08:34:24","guid":{"rendered":"http:\/\/stv-hollsand.de\/?page_id=49"},"modified":"2025-09-26T06:51:08","modified_gmt":"2025-09-26T06:51:08","slug":"ueber-uns","status":"publish","type":"page","link":"https:\/\/stv-hollsand.de\/?page_id=49","title":{"rendered":"\u00dcber uns"},"content":{"rendered":"<p>Viele sind \u00fcberrascht, wenn sie h\u00f6ren, dass es einen Schwimmverein in Uplengen gibt. Dabei gibt es den STV Hollsand schon seit mehr als 50 Jahren und er hat rund 250 Mitglieder.<\/p>\n<p>Der Traditionsverein aus Gro\u00dfoldendorf f\u00e4hrt jeden Dienstag mit dem Bus ins Hallenbad nach Wiesmoor zum <a href=\"http:\/\/stv-hollsand.de\/?page_id=46\">Schwimmen<\/a>.<\/p>\n<p>Das Angebot nutzen Gro\u00df und Klein: Familien, Senioren und Kinder. Es besteht die M\u00f6glichkeit, unter Aufsicht schwimmen zu lernen und alle Abzeichen zu erwerben. Vom Seepferdchen bis zum Rettungsschwimmer. Zudem ist in der Dampfsauna des Hallenbads Entspannung m\u00f6glich.<\/p>\n<p>Jeden Mittwoch bieten wir um 18:30 Uhr Gymnastik im Dorfgemeinschaftshaus in Gro\u00dfoldendorf an.<\/p>\n<p>Daneben kommt die Geselligkeit nicht zu kurz. Wir unternehmen\u00a0Kohl- und Radtouren, Fr\u00fchst\u00fccken zusammen.<\/p>\n<h2>Niedrige Beitr\u00e4ge<\/h2>\n<p>Den Verein zeichnen insbesondere niedrige Beitr\u00e4ge aus. Jeder soll sich Schwimmen und Sport leisten k\u00f6nnen, insbesondere Familien. Kinder\/Jugendliche zahlen pro Monat 3 Euro, Erwachsene 4 Euro pro Monat und Familien beispielsweise mit zwei Kindern 10 Euro. Hinzukommen jeweils pro Schwimmtermin Betr\u00e4ge f\u00fcr Eintritt ins Schwimmbad von 2 Euro und 1 Euro f\u00fcr die Busfahrt.<\/p>\n<p>Alle Kosten sind in der <a href=\"http:\/\/stv-hollsand.de\/wp-content\/uploads\/2025\/09\/Eintrittserklaerung-SEPA_092025.pdf\">EINTRITTSERKL\u00c4RUNG<\/a> nachzulesen.\u00a0<\/p>\n<h3>Mitgliederinfo\u00a0<\/h3>\n<p><a href=\"http:\/\/stv-hollsand.de\/wp-content\/uploads\/2025\/09\/Mitgliederinfo-September-2025.pdf\">Mitgliederinfo September 2025<\/a><\/p>\n\n\n<p><\/p>\n","protected":false},"excerpt":{"rendered":"<p>Viele sind \u00fcberrascht, wenn sie h\u00f6ren, dass es einen Schwimmverein in Uplengen gibt. Dabei gibt es den STV Hollsand schon seit mehr als 50 Jahren und er hat rund 250 Mitglieder. Der Traditionsverein aus Gro\u00dfoldendorf f\u00e4hrt jeden Dienstag mit dem Bus ins Hallenbad nach Wiesmoor zum Schwimmen. Das Angebot nutzen Gro\u00df und Klein: Familien, Senioren [&hellip;]<\/p>\n","protected":false},"author":1,"featured_media":0,"parent":0,"menu_order":0,"comment_status":"closed","ping_status":"closed","template":"","meta":{"footnotes":""},"class_list":["post-49","page","type-page","status-publish","hentry"],"_links":{"self":[{"href":"https:\/\/stv-hollsand.de\/index.php?rest_route=\/wp\/v2\/pages\/49","targetHints":{"allow":["GET"]}}],"collection":[{"href":"https:\/\/stv-hollsand.de\/index.php?rest_route=\/wp\/v2\/pages"}],"about":[{"href":"https:\/\/stv-hollsand.de\/index.php?rest_route=\/wp\/v2\/types\/page"}],"author":[{"embeddable":true,"href":"https:\/\/stv-hollsand.de\/index.php?rest_route=\/wp\/v2\/users\/1"}],"replies":[{"embeddable":true,"href":"https:\/\/stv-hollsand.de\/index.php?rest_route=%2Fwp%2Fv2%2Fcomments&post=49"}],"version-history":[{"count":22,"href":"https:\/\/stv-hollsand.de\/index.php?rest_route=\/wp\/v2\/pages\/49\/revisions"}],"predecessor-version":[{"id":624,"href":"https:\/\/stv-hollsand.de\/index.php?rest_route=\/wp\/v2\/pages\/49\/revisions\/624"}],"wp:attachment":[{"href":"https:\/\/stv-hollsand.de\/index.php?rest_route=%2Fwp%2Fv2%2Fmedia&parent=49"}],"curies":[{"name":"wp","href":"https:\/\/api.w.org\/{rel}","templated":true}]}}