{"id":96,"date":"2018-05-07T11:25:42","date_gmt":"2018-05-07T11:25:42","guid":{"rendered":"http:\/\/stv-hollsand.de\/?page_id=96"},"modified":"2025-03-26T10:36:16","modified_gmt":"2025-03-26T10:36:16","slug":"datenschutz-impressum","status":"publish","type":"page","link":"https:\/\/stv-hollsand.de\/?page_id=96","title":{"rendered":"Datenschutz \/ Impressum"},"content":{"rendered":"<h2>Datenschutzhinweis<\/h2>\n<p>&nbsp;<\/p>\n<p>Die Nutzung unseres Webangebots ist grunds\u00e4tzlich ohne Bekanntgabe personenbezogener Informationen m\u00f6glich. Es werden keine Daten w\u00e4hrend Deines Besuchs erhoben oder gespeichert.<\/p>\n<p>&nbsp;<\/p>\n<h6><em>Informationspflichten nach Artikel 13 und 14 DSGVO<\/em><\/h6>\n<p>Namen und Kontaktdaten des Verantwortlichen:<br \/>Schwimm- und Turnverein \u201eHollsand\u201c von 1968 e.V. \u2013 Alte Warfen 6 &#8211; 26670 Uplengen<\/p>\n<p>gesetzlich vertreten durch den Vorstand nach \u00a7 26 BGB:<br \/>Maike Kuch \u2013 Alte Warfen 6 &#8211; 26670 Uplengen &#8211; vorstand@stv-hollsand.de<\/p>\n<p>&nbsp;<\/p>\n<p>Kontaktdaten des Datenschutzbeauftragten\/der Datenschutzbeauftragten:<br \/>Schwimm- und Turnverein \u201eHollsand\u201c von 1968 e.V. &#8211; kein Datenschutzbeauftragte\/r<\/p>\n<p>&nbsp;<\/p>\n<h2>Impressum<\/h2>\n<p>&nbsp;<\/p>\n<p>Angaben gem\u00e4\u00df \u00a7 5 TMG:<\/p>\n<p>&nbsp;<\/p>\n<p>Schwimm- und Turnverein \u201eHollsand&#8220; von 1968 e.V.<br \/>Alte Warfen 6<br \/>26670 Uplengen-Gro\u00dfoldendorf<\/p>\n<p>Telefon: 04956-9276222<br \/>E-Mail: vorstand(at)stvhollsand.de<br \/>Internet: www.stvhollsand.de<\/p>\n<p>&nbsp;<\/p>\n<p>Vertretungsberechtigter Vorstand (Anschrift wie oben):<\/p>\n<p>Maike Kuch, Klaus Ro\u00dfkamp und Anna M\u00fcnkenwarf<br \/><br class=\"clear\" \/><br \/><br \/>Eintragung im Vereinsregister:<br \/>Registergericht: Amtsgericht Aurich<br \/>Registernummer: VR 110118<\/p>\n<p>&nbsp;<\/p>\n<p>Inhaltlich Verantwortliche:<br \/>Maike Kuch, Alte Warfen 6, 26670 Uplengen<\/p>\n<p>&nbsp;<\/p>\n<h4><em>Haftungsausschluss<\/em><\/h4>\n<p>&nbsp;<\/p>\n<p>1. Inhalt des Onlineangebotes<br \/>Der Autor \u00fcbernimmt keinerlei Gew\u00e4hr f\u00fcr die Aktualit\u00e4t, Korrektheit, Vollst\u00e4ndigkeit oder Qualit\u00e4t der bereitgestellten Informationen. Haftungsanspr\u00fcche gegen den Autor, welche sich auf Sch\u00e4den materieller oder ideeller Art beziehen, die durch die Nutzung oder Nichtnutzung der dargebotenen Informationen bzw. durch die Nutzung fehlerhafter und unvollst\u00e4ndiger Informationen verursacht wurden, sind grunds\u00e4tzlich ausgeschlossen, sofern seitens des Autors kein nachweislich vors\u00e4tzliches oder grob fahrl\u00e4ssiges Verschulden vorliegt. Alle Angebote sind freibleibend und unverbindlich. Der Autor beh\u00e4lt es sich ausdr\u00fccklich vor, Teile der Seiten oder das gesamte Angebot ohne gesonderte Ank\u00fcndigung zu ver\u00e4ndern, zu erg\u00e4nzen, zu l\u00f6schen oder die Ver\u00f6ffentlichung zeitweise oder endg\u00fcltig einzustellen.<br \/>2. Verweise und Links<br \/>Bei direkten oder indirekten Verweisen auf fremde Internetseiten (&#8222;Links&#8220;), die au\u00dferhalb des Verantwortungsbereiches des Autors liegen, w\u00fcrde eine Haftungsverpflichtung ausschlie\u00dflich in dem Fall in Kraft treten, in dem der Autor von den Inhalten Kenntnis hat und es ihm technisch m\u00f6glich und zumutbar w\u00e4re, die Nutzung im Falle rechtswidriger Inhalte zu verhindern. Der Autor erkl\u00e4rt hiermit ausdr\u00fccklich, dass zum Zeitpunkt der Linksetzung keine illegalen Inhalte auf den zu verlinkenden Seiten erkennbar waren. Auf die aktuelle und zuk\u00fcnftige Gestaltung, die Inhalte oder die Urheberschaft der gelinkten\/verkn\u00fcpften Seiten hat der Autor keinerlei Einfluss. Deshalb distanziert er sich hiermit ausdr\u00fccklich von allen Inhalten aller gelinkten \/verkn\u00fcpften Seiten, die nach der Linksetzung ver\u00e4ndert wurden. Diese Feststellung gilt f\u00fcr alle innerhalb des eigenen Internetangebotes gesetzten Links und Verweise sowie f\u00fcr Fremdeintr\u00e4ge in vom Autor eingerichteten G\u00e4steb\u00fcchern, Diskussionsforen und Mailinglisten. F\u00fcr illegale, fehlerhafte oder unvollst\u00e4ndige Inhalte und insbesondere f\u00fcr Sch\u00e4den, die aus der Nutzung oder Nichtnutzung solcherart dargebotener Informationen entstehen, haftet allein der Anbieter der Seite, auf welche verwiesen wurde, nicht derjenige, der \u00fcber Links auf die jeweilige Ver\u00f6ffentlichung lediglich verweist.<br \/>3. Urheber- und Kennzeichenrecht<br \/>Der Autor ist bestrebt, in allen Publikationen die Urheberrechte der verwendeten Grafiken, Tondokumente, Videosequenzen und Texte zu beachten, von ihm selbst erstellte Grafiken, Tondokumente, Videosequenzen und Texte zu nutzen oder auf lizenzfreie Grafiken, Tondokumente, Videosequenzen und Texte zur\u00fcckzugreifen. Alle innerhalb des Internetangebotes genannten und ggf. durch Dritte gesch\u00fctzten Marken- und Warenzeichen unterliegen uneingeschr\u00e4nkt den Bestimmungen des jeweils g\u00fcltigen Kennzeichenrechts und den Besitzrechten der jeweiligen eingetragenen Eigent\u00fcmer. Allein aufgrund der blo\u00dfen Nennung ist nicht der Schluss zu ziehen, dass Markenzeichen nicht durch Rechte Dritter gesch\u00fctzt sind! Das Copyright f\u00fcr ver\u00f6ffentlichte, vom Autor selbst erstellte Objekte bleibt allein beim Autor der Seiten. Eine Vervielf\u00e4ltigung oder Verwendung solcher Grafiken, Tondokumente, Videosequenzen und Texte in anderen elektronischen oder gedruckten Publikationen ist ohne ausdr\u00fcckliche Zustimmung des Autors nicht gestattet.<br \/>4. Rechtswirksamkeit dieses Haftungsausschlusses<br \/>Dieser Haftungsausschluss ist als Teil des Internetangebots zu betrachten, von dem aus auf diese Seite verwiesen wurde. Sofern Teile oder einzelne Formulierungen dieses Textes der geltenden Rechtslage nicht, nicht mehr oder nicht vollst\u00e4ndig entsprechen sollten, bleiben die \u00fcbrigen Teile des Dokumentes in ihrem Inhalt und ihrer G\u00fcltigkeit.<\/p>\n\n\n<p><\/p>\n","protected":false},"excerpt":{"rendered":"<p>Datenschutzhinweis &nbsp; Die Nutzung unseres Webangebots ist grunds\u00e4tzlich ohne Bekanntgabe personenbezogener Informationen m\u00f6glich. Es werden keine Daten w\u00e4hrend Deines Besuchs erhoben oder gespeichert. &nbsp; Informationspflichten nach Artikel 13 und 14 DSGVO Namen und Kontaktdaten des Verantwortlichen:Schwimm- und Turnverein \u201eHollsand\u201c von 1968 e.V. \u2013 Alte Warfen 6 &#8211; 26670 Uplengen gesetzlich vertreten durch den Vorstand nach [&hellip;]<\/p>\n","protected":false},"author":1,"featured_media":0,"parent":0,"menu_order":0,"comment_status":"closed","ping_status":"closed","template":"","meta":{"footnotes":""},"class_list":["post-96","page","type-page","status-publish","hentry"],"_links":{"self":[{"href":"https:\/\/stv-hollsand.de\/index.php?rest_route=\/wp\/v2\/pages\/96","targetHints":{"allow":["GET"]}}],"collection":[{"href":"https:\/\/stv-hollsand.de\/index.php?rest_route=\/wp\/v2\/pages"}],"about":[{"href":"https:\/\/stv-hollsand.de\/index.php?rest_route=\/wp\/v2\/types\/page"}],"author":[{"embeddable":true,"href":"https:\/\/stv-hollsand.de\/index.php?rest_route=\/wp\/v2\/users\/1"}],"replies":[{"embeddable":true,"href":"https:\/\/stv-hollsand.de\/index.php?rest_route=%2Fwp%2Fv2%2Fcomments&post=96"}],"version-history":[{"count":16,"href":"https:\/\/stv-hollsand.de\/index.php?rest_route=\/wp\/v2\/pages\/96\/revisions"}],"predecessor-version":[{"id":586,"href":"https:\/\/stv-hollsand.de\/index.php?rest_route=\/wp\/v2\/pages\/96\/revisions\/586"}],"wp:attachment":[{"href":"https:\/\/stv-hollsand.de\/index.php?rest_route=%2Fwp%2Fv2%2Fmedia&parent=96"}],"curies":[{"name":"wp","href":"https:\/\/api.w.org\/{rel}","templated":true}]}}